{"id":2,"date":"2017-07-20T08:26:46","date_gmt":"2017-07-20T08:26:46","guid":{"rendered":"http:\/\/localhost\/wordpress\/?page_id=2"},"modified":"2021-03-07T15:49:26","modified_gmt":"2021-03-07T15:49:26","slug":"sample-page","status":"publish","type":"page","link":"http:\/\/optema.de\/","title":{"rendered":"Ihr Partner f\u00fcr autarke Energieversorgung"},"content":{"rendered":"<p style=\"text-align: right;\"><a href=\"http:\/\/optema.de\/wp-content\/uploads\/2015\/04\/logo_win_2015.jpg\"><img decoding=\"async\" loading=\"lazy\" class=\" wp-image-93 alignright\" src=\"http:\/\/optema.de\/wp-content\/uploads\/2015\/04\/logo_win_2015-300x72.jpg\" alt=\"\" width=\"221\" height=\"53\" srcset=\"http:\/\/optema.de\/wp-content\/uploads\/2015\/04\/logo_win_2015-300x72.jpg 300w, http:\/\/optema.de\/wp-content\/uploads\/2015\/04\/logo_win_2015-1024x245.jpg 1024w, http:\/\/optema.de\/wp-content\/uploads\/2015\/04\/logo_win_2015.jpg 1465w\" sizes=\"(max-width: 221px) 100vw, 221px\" \/><\/a><\/p>\n<p>Aktuell wird diese website umgebaut und erweitert ! In K\u00fcrze gibt es hier mehr Informationen und Projektbeispiele.<\/p>\n<p>Damit wir unseren Kunden eine gr\u00f6\u00dfere Auswahl an innovativen Stromspeichern anbieten k\u00f6nnen, haben\u00a0wir eine Kooperation mit der Firma Innovenergy GmbH aus der Schweiz vereinbart. Somit sind die sicheren Salzspeicher der Serie sali<em>domo<sup>\u00a9<\/sup><\/em> auch in Berlin\/Brandenburg und Norddeutschland verf\u00fcgbar. <a href=\"http:\/\/www.innov.energy\/\">www.innov.energy<\/a><\/p>\n<p><!--more--><\/p>\n","protected":false},"excerpt":{"rendered":"<p>Aktuell wird diese website umgebaut und erweitert ! In K\u00fcrze gibt es hier mehr Informationen und Projektbeispiele. Damit wir unseren Kunden eine gr\u00f6\u00dfere Auswahl an innovativen Stromspeichern anbieten k\u00f6nnen, haben\u00a0wir eine Kooperation mit der Firma Innovenergy GmbH aus der Schweiz &hellip; <a href=\"http:\/\/optema.de\/\">Weiter<\/a><\/p>\n","protected":false},"author":1,"featured_media":33,"parent":0,"menu_order":0,"comment_status":"open","ping_status":"open","template":"","meta":[],"_links":{"self":[{"href":"http:\/\/optema.de\/index.php?rest_route=\/wp\/v2\/pages\/2"}],"collection":[{"href":"http:\/\/optema.de\/index.php?rest_route=\/wp\/v2\/pages"}],"about":[{"href":"http:\/\/optema.de\/index.php?rest_route=\/wp\/v2\/types\/page"}],"author":[{"embeddable":true,"href":"http:\/\/optema.de\/index.php?rest_route=\/wp\/v2\/users\/1"}],"replies":[{"embeddable":true,"href":"http:\/\/optema.de\/index.php?rest_route=%2Fwp%2Fv2%2Fcomments&post=2"}],"version-history":[{"count":75,"href":"http:\/\/optema.de\/index.php?rest_route=\/wp\/v2\/pages\/2\/revisions"}],"predecessor-version":[{"id":155,"href":"http:\/\/optema.de\/index.php?rest_route=\/wp\/v2\/pages\/2\/revisions\/155"}],"wp:featuredmedia":[{"embeddable":true,"href":"http:\/\/optema.de\/index.php?rest_route=\/wp\/v2\/media\/33"}],"wp:attachment":[{"href":"http:\/\/optema.de\/index.php?rest_route=%2Fwp%2Fv2%2Fmedia&parent=2"}],"curies":[{"name":"wp","href":"https:\/\/api.w.org\/{rel}","templated":true}]}}